{"id":42,"date":"2020-05-25T12:15:22","date_gmt":"2020-05-25T10:15:22","guid":{"rendered":"https:\/\/rougepalais.com\/?page_id=42"},"modified":"2024-01-10T10:35:56","modified_gmt":"2024-01-10T09:35:56","slug":"qui-sommes-nous","status":"publish","type":"page","link":"https:\/\/rougepalais.com\/","title":{"rendered":"Qui sommes nous ?"},"content":{"rendered":"<div class=\"wp-block-media-text alignwide has-media-on-the-right is-vertically-aligned-center is-stacked-on-mobile\" style=\"grid-template-columns:auto 22%\"><div class=\"wp-block-media-text__content\"><p>ROUGE PALAIS a pour principale vocation de s\u00e9lectionner avec soin et attention toute une gamme de vins de France et du Monde.<\/p>\n\n<p>Loin de la logique industrielle habituelle, ROUGE PALAIS s\u2019engage, en qualit\u00e9 de Distributeur, \u00e0 faire d\u00e9couvrir au plus grand nombre des produits de qualit\u00e9 dont la commercialisation reste assez limit\u00e9e sur le march\u00e9 fran\u00e7ais.&nbsp;<\/p>\n\n<p>ROUGE PALAIS<strong> <\/strong>veille aussi \u00e0 entretenir des relations humaines et privil\u00e9gi\u00e9es aupr\u00e8s de \u00ab&nbsp;Petits&nbsp;\u00bb Fournisseurs passionn\u00e9s s\u2019inscrivant dans la m\u00eame logique et pr\u00e9f\u00e9rant eux-m\u00eames privil\u00e9gier la raret\u00e9 et l\u2019aspect qualitatif de leurs produits.<\/p>\n\n<p>Ainsi, les produits propos\u00e9s \u00e0 la vente demeurent volontairement peu nombreux et les volumes de commande restent aussi logiquement assez limit\u00e9s.<\/p>\n\n<p>ROUGE PALAIS s\u2019efforce enfin de n\u00e9gocier les meilleures conditions tarifaires pour l\u2019ensemble de sa client\u00e8le de connaisseurs ou de novices en qu\u00eate de belles d\u00e9couvertes.<\/p><\/div><figure class=\"wp-block-media-text__media\"><img loading=\"lazy\" decoding=\"async\" width=\"769\" height=\"1024\" src=\"https:\/\/rougepalais.com\/wp-content\/uploads\/2023\/05\/342686179_644142347555078_7076239451167026507_n-1-769x1024.jpg\" alt=\"\" class=\"wp-image-156 size-full\" srcset=\"https:\/\/rougepalais.com\/wp-content\/uploads\/2023\/05\/342686179_644142347555078_7076239451167026507_n-1-769x1024.jpg 769w, https:\/\/rougepalais.com\/wp-content\/uploads\/2023\/05\/342686179_644142347555078_7076239451167026507_n-1-600x799.jpg 600w, https:\/\/rougepalais.com\/wp-content\/uploads\/2023\/05\/342686179_644142347555078_7076239451167026507_n-1-225x300.jpg 225w, https:\/\/rougepalais.com\/wp-content\/uploads\/2023\/05\/342686179_644142347555078_7076239451167026507_n-1-768x1023.jpg 768w, https:\/\/rougepalais.com\/wp-content\/uploads\/2023\/05\/342686179_644142347555078_7076239451167026507_n-1.jpg 1080w\" sizes=\"(max-width: 769px) 100vw, 769px\" \/><\/figure><\/div><div class=\"wp-block-buttons is-content-justification-center is-layout-flex wp-container-core-buttons-is-layout-1 wp-block-buttons-is-layout-flex\"><div class=\"wp-block-button is-style-fill\"><a class=\"wp-block-button__link has-text-align-center wp-element-button\" href=\"https:\/\/rougepalais.com\/?page_id=145\" style=\"border-radius:7px\">D\u00e9couvrir le fonctionnement et la commande mensuelle<\/a><\/div><\/div>","protected":false},"excerpt":{"rendered":"<p>ROUGE PALAIS a pour principale vocation de s\u00e9lectionner avec soin et attention toute une gamme de vins de France et du Monde. Loin de la logique industrielle habituelle, ROUGE PALAIS s\u2019engage, en qualit\u00e9 de Distributeur, \u00e0 faire d\u00e9couvrir au plus grand nombre des produits de qualit\u00e9 dont la commercialisation reste assez limit\u00e9e sur le march\u00e9 [&hellip;]<\/p>\n","protected":false},"author":1,"featured_media":0,"parent":0,"menu_order":0,"comment_status":"closed","ping_status":"closed","template":"","meta":{"footnotes":""},"class_list":["post-42","page","type-page","status-publish","hentry"],"_links":{"self":[{"href":"https:\/\/rougepalais.com\/index.php?rest_route=\/wp\/v2\/pages\/42"}],"collection":[{"href":"https:\/\/rougepalais.com\/index.php?rest_route=\/wp\/v2\/pages"}],"about":[{"href":"https:\/\/rougepalais.com\/index.php?rest_route=\/wp\/v2\/types\/page"}],"author":[{"embeddable":true,"href":"https:\/\/rougepalais.com\/index.php?rest_route=\/wp\/v2\/users\/1"}],"replies":[{"embeddable":true,"href":"https:\/\/rougepalais.com\/index.php?rest_route=%2Fwp%2Fv2%2Fcomments&post=42"}],"version-history":[{"count":15,"href":"https:\/\/rougepalais.com\/index.php?rest_route=\/wp\/v2\/pages\/42\/revisions"}],"predecessor-version":[{"id":351,"href":"https:\/\/rougepalais.com\/index.php?rest_route=\/wp\/v2\/pages\/42\/revisions\/351"}],"wp:attachment":[{"href":"https:\/\/rougepalais.com\/index.php?rest_route=%2Fwp%2Fv2%2Fmedia&parent=42"}],"curies":[{"name":"wp","href":"https:\/\/api.w.org\/{rel}","templated":true}]}}